{"id":82,"date":"2024-06-14T12:39:19","date_gmt":"2024-06-14T12:39:19","guid":{"rendered":"https:\/\/myfidro-academy.ch\/?page_id=82"},"modified":"2024-06-14T12:42:02","modified_gmt":"2024-06-14T12:42:02","slug":"verguntungssystem","status":"publish","type":"page","link":"https:\/\/myfidro-academy.ch\/index.php\/verguntungssystem\/","title":{"rendered":"Verg\u00fcntungssystem"},"content":{"rendered":"<div class=\"\" style=\"\" >\n    \n    <section class=\"u-clearfix u-custom-color-7 u-section-2\" id=\"sec-9e6c\">\n      <div class=\"u-clearfix u-sheet u-sheet-1\">\n        <h2 class=\"u-align-center u-text u-text-1\"> Unser Verg\u00fctungssystem<\/h2>\n        <h2 class=\"u-align-center u-text u-text-default-xl u-text-2\">Bei der fidro Academy haben wir ein einfaches und transparentes Verg\u00fctungssystem entwickelt, das darauf ausgelegt ist, Ihnen ein nachhaltiges Einkommen zu erm\u00f6glichen. Dein Ziel ist es, die myfidro App in dienem Bekanntenkreis, unter Kollegen und in deinem Umfeld bekannt zu machen. Durch das Herunterladen der App und die Registrierung durch deine Empfehlungen kannst du direkt profitieren.<br>Es reicht v\u00f6llig aus, wenn bestehende Policen hochgeladen werden. F\u00fcr den Kunden \u00e4ndert sich nichts an seiner bestehenden Police oder der Pr\u00e4mie; er profitiert einfach zus\u00e4tzlich von der Nutzung der myfidro App und hat damit die fidro als einzigen Ansprechpartner f\u00fcr seine finanziellen Angelegenheiten. <br>Das genaue Verg\u00fctungssystem, einschliesslich der verschiedenen Ebenen und Prozents\u00e4tze, die du verdienen kannst, wird detailliert im Dashboard erkl\u00e4rt, auf das du nach der Registrierung Zugriff erh\u00e4lst. Solltest du Fragen zum Verg\u00fctungssystem haben, empfehlen wir dir, dich an deinem Teamleiter zu wenden, der dir gerne weiterhilft.<br>Wir bieten zwei Hauptwege, um Einkommen zu generieren:<br>J\u00e4hrliche wiederkehrende Einnahmen: <br>Profitiere langfristig von den Versicherungspolicen, die durch deine Empfehlungen hochgeladen werden.<br>Einmalige Verdienstm\u00f6glichkeiten durch unser AP-Programm: <br>Erziele zus\u00e4tzliche Einnahmen, indem du Beratungstermine mit fidro koordinierst, die erfolgreich abgeschlossen werden.<br>Mit unserem System ist es einfacher denn je, ein passives Einkommen aufzubauen. Trete der fidro Academy bei und entdecke die M\u00f6glichkeiten, die vor dir liegen.\n        <\/h2>\n      <\/div>\n    <\/section>\n    \n    \n    \n    \n  \n<\/div>","protected":false},"excerpt":{"rendered":"<p>Unser Verg\u00fctungssystem Bei der fidro Academy haben wir ein einfaches und transparentes Verg\u00fctungssystem entwickelt, das darauf ausgelegt ist, Ihnen ein nachhaltiges Einkommen zu erm\u00f6glichen. Dein Ziel ist es, die myfidro App in dienem Bekanntenkreis, unter Kollegen und in deinem Umfeld bekannt zu machen. Durch das Herunterladen der App und die Registrierung durch deine Empfehlungen kannst [&hellip;]<\/p>\n","protected":false},"author":1,"featured_media":0,"parent":0,"menu_order":0,"comment_status":"closed","ping_status":"closed","template":"","meta":{"footnotes":""},"_links":{"self":[{"href":"https:\/\/myfidro-academy.ch\/index.php\/wp-json\/wp\/v2\/pages\/82"}],"collection":[{"href":"https:\/\/myfidro-academy.ch\/index.php\/wp-json\/wp\/v2\/pages"}],"about":[{"href":"https:\/\/myfidro-academy.ch\/index.php\/wp-json\/wp\/v2\/types\/page"}],"author":[{"embeddable":true,"href":"https:\/\/myfidro-academy.ch\/index.php\/wp-json\/wp\/v2\/users\/1"}],"replies":[{"embeddable":true,"href":"https:\/\/myfidro-academy.ch\/index.php\/wp-json\/wp\/v2\/comments?post=82"}],"version-history":[{"count":2,"href":"https:\/\/myfidro-academy.ch\/index.php\/wp-json\/wp\/v2\/pages\/82\/revisions"}],"predecessor-version":[{"id":84,"href":"https:\/\/myfidro-academy.ch\/index.php\/wp-json\/wp\/v2\/pages\/82\/revisions\/84"}],"wp:attachment":[{"href":"https:\/\/myfidro-academy.ch\/index.php\/wp-json\/wp\/v2\/media?parent=82"}],"curies":[{"name":"wp","href":"https:\/\/api.w.org\/{rel}","templated":true}]}}